{"id":196,"date":"2016-11-02T02:43:49","date_gmt":"2016-11-02T02:43:49","guid":{"rendered":"http:\/\/apuroconta.pt\/?page_id=196"},"modified":"2019-09-22T01:35:06","modified_gmt":"2019-09-22T01:35:06","slug":"fiscalidade","status":"publish","type":"page","link":"http:\/\/apuroconta.pt\/?page_id=196","title":{"rendered":"Fiscalidade"},"content":{"rendered":"<p><span style=\"font-size: 14pt;\">Num quadro de grande instabilidade fiscal como aquele em que temos estado mergulhados nos \u00faltimos anos, a aten\u00e7\u00e3o \u00e0 \u00e1rea fiscal e o seu planeamento, s\u00e3o factores decisivos e determinantes para a sobreviv\u00eancia e sucesso das empresas e organiza\u00e7\u00f5es.<\/span><br \/>\n<span style=\"font-size: 14pt;\">\u00c9 assim fundamental que as empresas conhe\u00e7am em detalhe as responsabilidades fiscais a que est\u00e3o obrigadas, assim como as implica\u00e7\u00f5es fiscais decorrentes das pol\u00edticas e estrat\u00e9gias seguidas.<\/span><br \/>\n<span style=\"font-size: 14pt;\">No \u00e2mbito do nosso trabalho asseguramos:<\/span><\/p>\n<ul>\n<li><span style=\"font-size: 14pt;\">Cumprimento declarativo atempado das obriga\u00e7\u00f5es fiscais a que a empresa est\u00e1 sujeita, nomeadamente em sede de IVA, IRC, IRS, e outros impostos e taxas, e respetivo envio aos clientes das declara\u00e7\u00f5es e guias para pagamento das import\u00e2ncias em liquida\u00e7\u00e3o fiscal.<\/span><\/li>\n<li><span style=\"font-size: 14pt;\">Consultoria e acompanhamento fiscal regular<\/span><\/li>\n<li><span style=\"font-size: 14pt;\">Maximiza\u00e7\u00e3o da efici\u00eancia fiscal das empresas clientes, atrav\u00e9s de diagn\u00f3stico e planeamento fiscal<\/span><\/li>\n<\/ul>\n","protected":false},"excerpt":{"rendered":"<p>Num quadro de grande instabilidade fiscal como aquele em que temos estado mergulhados nos \u00faltimos anos, a aten\u00e7\u00e3o \u00e0 \u00e1rea fiscal e o seu planeamento, s\u00e3o factores decisivos e determinantes para a sobreviv\u00eancia e sucesso das empresas e organiza\u00e7\u00f5es. \u00c9&#8230; <a href=\"http:\/\/apuroconta.pt\/?page_id=196\" class=\"readmore\">Read more<span class=\"screen-reader-text\">Fiscalidade<\/span><span class=\"fa fa-angle-double-right\" aria-hidden=\"true\"><\/span><\/a><\/p>\n","protected":false},"author":1,"featured_media":0,"parent":47,"menu_order":2,"comment_status":"closed","ping_status":"closed","template":"","meta":[],"aioseo_notices":[],"_links":{"self":[{"href":"http:\/\/apuroconta.pt\/index.php?rest_route=\/wp\/v2\/pages\/196"}],"collection":[{"href":"http:\/\/apuroconta.pt\/index.php?rest_route=\/wp\/v2\/pages"}],"about":[{"href":"http:\/\/apuroconta.pt\/index.php?rest_route=\/wp\/v2\/types\/page"}],"author":[{"embeddable":true,"href":"http:\/\/apuroconta.pt\/index.php?rest_route=\/wp\/v2\/users\/1"}],"replies":[{"embeddable":true,"href":"http:\/\/apuroconta.pt\/index.php?rest_route=%2Fwp%2Fv2%2Fcomments&post=196"}],"version-history":[{"count":1,"href":"http:\/\/apuroconta.pt\/index.php?rest_route=\/wp\/v2\/pages\/196\/revisions"}],"predecessor-version":[{"id":197,"href":"http:\/\/apuroconta.pt\/index.php?rest_route=\/wp\/v2\/pages\/196\/revisions\/197"}],"up":[{"embeddable":true,"href":"http:\/\/apuroconta.pt\/index.php?rest_route=\/wp\/v2\/pages\/47"}],"wp:attachment":[{"href":"http:\/\/apuroconta.pt\/index.php?rest_route=%2Fwp%2Fv2%2Fmedia&parent=196"}],"curies":[{"name":"wp","href":"https:\/\/api.w.org\/{rel}","templated":true}]}}