{"id":204,"date":"2016-11-02T18:09:24","date_gmt":"2016-11-02T18:09:24","guid":{"rendered":"http:\/\/apuroconta.pt\/?page_id=204"},"modified":"2019-09-22T01:53:57","modified_gmt":"2019-09-22T01:53:57","slug":"reporting","status":"publish","type":"page","link":"http:\/\/apuroconta.pt\/?page_id=204","title":{"rendered":"Reporting"},"content":{"rendered":"<p><span style=\"font-size: 12pt;\">O reporting consiste na disponibiliza\u00e7\u00e3o aos clientes de informa\u00e7\u00e3o de gest\u00e3o e financeira,\u00a0mensal ou trimestralmente, de acordo com a solu\u00e7\u00e3o contratada, podendo incluir as pe\u00e7as de informa\u00e7\u00e3o seguintes:<\/span><\/p>\n<ul>\n<li><span style=\"font-size: 12pt;\">Balan\u00e7o<\/span><\/li>\n<li><span style=\"font-size: 12pt;\">Demonstra\u00e7\u00e3o de resultados<\/span><\/li>\n<li><span style=\"font-size: 12pt;\">Anexo \u00e0s Contas<\/span><\/li>\n<li><span style=\"font-size: 12pt;\">Balancetes Mensais<\/span><\/li>\n<li><span style=\"font-size: 12pt;\">Indicadores de gest\u00e3o<\/span><\/li>\n<li><span style=\"font-size: 12pt;\">Relat\u00f3rio de gest\u00e3o<\/span><\/li>\n<\/ul>\n","protected":false},"excerpt":{"rendered":"<p>O reporting consiste na disponibiliza\u00e7\u00e3o aos clientes de informa\u00e7\u00e3o de gest\u00e3o e financeira,\u00a0mensal ou trimestralmente, de acordo com a solu\u00e7\u00e3o contratada, podendo incluir as pe\u00e7as de informa\u00e7\u00e3o seguintes: Balan\u00e7o Demonstra\u00e7\u00e3o de resultados Anexo \u00e0s Contas Balancetes Mensais Indicadores de gest\u00e3o&#8230; <a href=\"http:\/\/apuroconta.pt\/?page_id=204\" class=\"readmore\">Read more<span class=\"screen-reader-text\">Reporting<\/span><span class=\"fa fa-angle-double-right\" aria-hidden=\"true\"><\/span><\/a><\/p>\n","protected":false},"author":1,"featured_media":0,"parent":47,"menu_order":4,"comment_status":"closed","ping_status":"closed","template":"","meta":[],"aioseo_notices":[],"_links":{"self":[{"href":"http:\/\/apuroconta.pt\/index.php?rest_route=\/wp\/v2\/pages\/204"}],"collection":[{"href":"http:\/\/apuroconta.pt\/index.php?rest_route=\/wp\/v2\/pages"}],"about":[{"href":"http:\/\/apuroconta.pt\/index.php?rest_route=\/wp\/v2\/types\/page"}],"author":[{"embeddable":true,"href":"http:\/\/apuroconta.pt\/index.php?rest_route=\/wp\/v2\/users\/1"}],"replies":[{"embeddable":true,"href":"http:\/\/apuroconta.pt\/index.php?rest_route=%2Fwp%2Fv2%2Fcomments&post=204"}],"version-history":[{"count":4,"href":"http:\/\/apuroconta.pt\/index.php?rest_route=\/wp\/v2\/pages\/204\/revisions"}],"predecessor-version":[{"id":334,"href":"http:\/\/apuroconta.pt\/index.php?rest_route=\/wp\/v2\/pages\/204\/revisions\/334"}],"up":[{"embeddable":true,"href":"http:\/\/apuroconta.pt\/index.php?rest_route=\/wp\/v2\/pages\/47"}],"wp:attachment":[{"href":"http:\/\/apuroconta.pt\/index.php?rest_route=%2Fwp%2Fv2%2Fmedia&parent=204"}],"curies":[{"name":"wp","href":"https:\/\/api.w.org\/{rel}","templated":true}]}}