{"id":207,"date":"2016-11-02T18:16:08","date_gmt":"2016-11-02T18:16:08","guid":{"rendered":"http:\/\/apuroconta.pt\/?page_id=207"},"modified":"2019-09-23T17:14:27","modified_gmt":"2019-09-23T17:14:27","slug":"consultoria","status":"publish","type":"page","link":"http:\/\/apuroconta.pt\/?page_id=207","title":{"rendered":"Consultoria e apoio \u00e0 gest\u00e3o"},"content":{"rendered":"<p><span style=\"font-size: 12pt;\">Ao n\u00edvel da consultoria e\u00a0apoio \u00e0 gest\u00e3o, com base na an\u00e1lise e compreens\u00e3o dos resultados econ\u00f3mico-financeiros, prestamos os seguintes servi\u00e7os:<\/span><\/p>\n<ul>\n<li><span style=\"font-size: 12pt;\">Acompanhamento fiscal regular<\/span><\/li>\n<li><span style=\"font-size: 12pt;\">Diagn\u00f3stico, planeamento e preven\u00e7\u00e3o fiscal<\/span><\/li>\n<li><span style=\"font-size: 12pt;\">Apoio e acompanhamento de a\u00e7\u00f5es inspetivas por parte da administra\u00e7\u00e3o fiscal<\/span><\/li>\n<li><span style=\"font-size: 12pt;\">Apoio ao contencioso \u2013 reclama\u00e7\u00f5es e impugna\u00e7\u00f5es fiscais<\/span><\/li>\n<li><span style=\"font-size: 12pt;\">Apoio na defini\u00e7\u00e3o da pol\u00edtica e estrat\u00e9gia dos recursos humanos<\/span><\/li>\n<li><span style=\"font-size: 12pt;\">Apoio no processo de cria\u00e7\u00e3o de novas sociedades<\/span><\/li>\n<\/ul>\n","protected":false},"excerpt":{"rendered":"<p>Ao n\u00edvel da consultoria e\u00a0apoio \u00e0 gest\u00e3o, com base na an\u00e1lise e compreens\u00e3o dos resultados econ\u00f3mico-financeiros, prestamos os seguintes servi\u00e7os: Acompanhamento fiscal regular Diagn\u00f3stico, planeamento e preven\u00e7\u00e3o fiscal Apoio e acompanhamento de a\u00e7\u00f5es inspetivas por parte da administra\u00e7\u00e3o fiscal Apoio&#8230; <a href=\"http:\/\/apuroconta.pt\/?page_id=207\" class=\"readmore\">Read more<span class=\"screen-reader-text\">Consultoria e apoio \u00e0 gest\u00e3o<\/span><span class=\"fa fa-angle-double-right\" aria-hidden=\"true\"><\/span><\/a><\/p>\n","protected":false},"author":1,"featured_media":0,"parent":47,"menu_order":5,"comment_status":"closed","ping_status":"closed","template":"","meta":[],"aioseo_notices":[],"_links":{"self":[{"href":"http:\/\/apuroconta.pt\/index.php?rest_route=\/wp\/v2\/pages\/207"}],"collection":[{"href":"http:\/\/apuroconta.pt\/index.php?rest_route=\/wp\/v2\/pages"}],"about":[{"href":"http:\/\/apuroconta.pt\/index.php?rest_route=\/wp\/v2\/types\/page"}],"author":[{"embeddable":true,"href":"http:\/\/apuroconta.pt\/index.php?rest_route=\/wp\/v2\/users\/1"}],"replies":[{"embeddable":true,"href":"http:\/\/apuroconta.pt\/index.php?rest_route=%2Fwp%2Fv2%2Fcomments&post=207"}],"version-history":[{"count":8,"href":"http:\/\/apuroconta.pt\/index.php?rest_route=\/wp\/v2\/pages\/207\/revisions"}],"predecessor-version":[{"id":348,"href":"http:\/\/apuroconta.pt\/index.php?rest_route=\/wp\/v2\/pages\/207\/revisions\/348"}],"up":[{"embeddable":true,"href":"http:\/\/apuroconta.pt\/index.php?rest_route=\/wp\/v2\/pages\/47"}],"wp:attachment":[{"href":"http:\/\/apuroconta.pt\/index.php?rest_route=%2Fwp%2Fv2%2Fmedia&parent=207"}],"curies":[{"name":"wp","href":"https:\/\/api.w.org\/{rel}","templated":true}]}}