{"id":245,"date":"2016-11-05T18:56:38","date_gmt":"2016-11-05T18:56:38","guid":{"rendered":"http:\/\/apuroconta.pt\/?page_id=245"},"modified":"2019-09-22T01:39:19","modified_gmt":"2019-09-22T01:39:19","slug":"projectos-de-investimento","status":"publish","type":"page","link":"http:\/\/apuroconta.pt\/?page_id=245","title":{"rendered":"Projectos de investimento"},"content":{"rendered":"<p><span style=\"font-size: 14pt;\">Ao n\u00edvel da <strong>consultoria em projectos de investimento<\/strong>, utilizando recursos pr\u00f3prios ou sempre que necess\u00e1rio, recorrendo \u00e0s parcerias especializadas com quem estabelecemos acordos, promovemos a Elabora\u00e7\u00e3o de Estudos Econ\u00f3mico-Financeiros para efeitos de candidatura aos diversos <strong>apoios e incentivos nacionais e comunit\u00e1rios<\/strong>, previstos para o financiamento \u00e0 cria\u00e7\u00e3o e ao desenvolvimento das empresas. Destacamos os incentivos abaixo indicados:<\/span><\/p>\n<p><span style=\"font-size: 14pt;\"><strong>1.\u00ba Quadro de Refer\u00eancia Estrat\u00e9gico Nacional (QREN) \/ Portugal 2020<\/strong><\/span><\/p>\n<p><strong><span style=\"font-size: 14pt;\"> a) Sistema de Incentivos \u00e0 Inova\u00e7\u00e3o<\/span><\/strong><br \/>\n<span style=\"font-size: 14pt;\"> Visa estimular o investimento de inova\u00e7\u00e3o (incluindo o investimento estruturante): produ\u00e7\u00e3o de novos bens e servi\u00e7os no pa\u00eds ou &#8220;up-grading&#8221; significativo da produ\u00e7\u00e3o atual, inova\u00e7\u00f5es organizacionais, bem como a expans\u00e3o de capacidades de produ\u00e7\u00e3o em setores tecnol\u00f3gicos.<\/span><\/p>\n<p><strong><span style=\"font-size: 14pt;\">b) Sistema de Incentivos \u00e0 Qualifica\u00e7\u00e3o e Internacionaliza\u00e7\u00e3o<\/span><\/strong><br \/>\n<span style=\"font-size: 14pt;\"> Visa a promo\u00e7\u00e3o da competitividade das PME atrav\u00e9s do aumento da produtividade, da flexibilidade e da capacidade de resposta e presen\u00e7a ativa no mercado global (internacionaliza\u00e7\u00e3o);<\/span><\/p>\n<p><strong><span style=\"font-size: 14pt;\"> c) Sistema de Incentivo de Apoio Local a Microempresas<\/span><\/strong><br \/>\n<span style=\"font-size: 14pt;\"> Visa apoiar microempresas j\u00e1 existentes, situadas em zona geogr\u00e1fica de baixa densidade com problemas de interioridade, apoiando de forma integrada a realiza\u00e7\u00e3o de investimento e cria\u00e7\u00e3o l\u00edquida de postos de trabalho;<\/span><\/p>\n<p><strong><span style=\"font-size: 14pt;\">2.\u00ba Programa Com\u00e9rcio Investe<\/span><\/strong><\/p>\n<p><span style=\"font-size: 14pt;\"> Visa apoiar a moderniza\u00e7\u00e3o e revitaliza\u00e7\u00e3o das lojas de com\u00e9rcio tradicional, seja atrav\u00e9s de obras ou da promo\u00e7\u00e3o de a\u00e7\u00f5es e programas de forma\u00e7\u00e3o dirigidos ao sector apoiar.<\/span><\/p>\n<p><strong><span style=\"font-size: 14pt;\">3\u00ba PRODER &#8211; Programa de Desenvolvimento Rural<\/span><\/strong><\/p>\n<p><span style=\"font-size: 14pt;\"> Visa promover o aumento da competitividade dos setores agr\u00edcola e florestal, a sustentabilidade dos espa\u00e7os rurais e dos recursos naturais e o desenvolvimento econ\u00f3mico e social de zonas rurais.<\/span><\/p>\n<p><strong><span style=\"font-size: 14pt;\">4\u00ba PROMAR &#8211; Programa Operacional Pesca<\/span><\/strong><\/p>\n<p><span style=\"font-size: 14pt;\"> Visa apoiar o setor das pescas, garantindo uma explora\u00e7\u00e3o sustent\u00e1vel dos recursos aqu\u00e1ticos vivos, no mar e em rio.<\/span><\/p>\n<p><strong><span style=\"font-size: 14pt;\">5\u00ba Cria\u00e7\u00e3o do Pr\u00f3prio Emprego ou Empresa<\/span><\/strong><\/p>\n<p><strong><span style=\"font-size: 14pt;\"> a) PAECPE &#8211; Programa de Apoio ao Empreendedorismo e \u00e0 Cria\u00e7\u00e3o do Pr\u00f3prio Emprego<\/span><\/strong><br \/>\n<span style=\"font-size: 14pt;\"> Visa apoiar benefici\u00e1rios de presta\u00e7\u00f5es de desemprego, na cria\u00e7\u00e3o do seu pr\u00f3prio posto de trabalho atrav\u00e9s do reembolso antecipado das respetivas presta\u00e7\u00f5es de desemprego.<\/span><\/p>\n<p><strong><span style=\"font-size: 14pt;\"> b) CR\u00c9DITO BONIFICADO<\/span><\/strong><br \/>\n<span style=\"font-size: 14pt;\"> Visa obten\u00e7\u00e3o de financiamento bonificado e comiss\u00f5es banc\u00e1rias reduzidas, e, ou, inexistentes para o promotor, para a cria\u00e7\u00e3o da sua empresa.<\/span><\/p>\n","protected":false},"excerpt":{"rendered":"<p>Ao n\u00edvel da consultoria em projectos de investimento, utilizando recursos pr\u00f3prios ou sempre que necess\u00e1rio, recorrendo \u00e0s parcerias especializadas com quem estabelecemos acordos, promovemos a Elabora\u00e7\u00e3o de Estudos Econ\u00f3mico-Financeiros para efeitos de candidatura aos diversos apoios e incentivos nacionais e&#8230; <a href=\"http:\/\/apuroconta.pt\/?page_id=245\" class=\"readmore\">Read more<span class=\"screen-reader-text\">Projectos de investimento<\/span><span class=\"fa fa-angle-double-right\" aria-hidden=\"true\"><\/span><\/a><\/p>\n","protected":false},"author":1,"featured_media":0,"parent":207,"menu_order":2,"comment_status":"closed","ping_status":"closed","template":"","meta":[],"aioseo_notices":[],"_links":{"self":[{"href":"http:\/\/apuroconta.pt\/index.php?rest_route=\/wp\/v2\/pages\/245"}],"collection":[{"href":"http:\/\/apuroconta.pt\/index.php?rest_route=\/wp\/v2\/pages"}],"about":[{"href":"http:\/\/apuroconta.pt\/index.php?rest_route=\/wp\/v2\/types\/page"}],"author":[{"embeddable":true,"href":"http:\/\/apuroconta.pt\/index.php?rest_route=\/wp\/v2\/users\/1"}],"replies":[{"embeddable":true,"href":"http:\/\/apuroconta.pt\/index.php?rest_route=%2Fwp%2Fv2%2Fcomments&post=245"}],"version-history":[{"count":12,"href":"http:\/\/apuroconta.pt\/index.php?rest_route=\/wp\/v2\/pages\/245\/revisions"}],"predecessor-version":[{"id":258,"href":"http:\/\/apuroconta.pt\/index.php?rest_route=\/wp\/v2\/pages\/245\/revisions\/258"}],"up":[{"embeddable":true,"href":"http:\/\/apuroconta.pt\/index.php?rest_route=\/wp\/v2\/pages\/207"}],"wp:attachment":[{"href":"http:\/\/apuroconta.pt\/index.php?rest_route=%2Fwp%2Fv2%2Fmedia&parent=245"}],"curies":[{"name":"wp","href":"https:\/\/api.w.org\/{rel}","templated":true}]}}