{"id":47,"date":"2016-10-24T15:03:36","date_gmt":"2016-10-24T15:03:36","guid":{"rendered":"http:\/\/apuroconta.pt\/?page_id=47"},"modified":"2019-09-22T01:48:11","modified_gmt":"2019-09-22T01:48:11","slug":"servicos","status":"publish","type":"page","link":"http:\/\/apuroconta.pt\/?page_id=47","title":{"rendered":"Servi\u00e7os"},"content":{"rendered":"<p><img decoding=\"async\" loading=\"lazy\" class=\" wp-image-233 alignright\" src=\"http:\/\/apuroconta.pt\/wp-content\/uploads\/2016\/10\/consultoria-08-300x129.jpg\" alt=\"consultoria-08\" width=\"638\" height=\"251\" \/><\/p>\n<p><span style=\"font-size: 14pt;\">Oferecemos os seguintes servi\u00e7os:<\/span><\/p>\n<ul>\n<li><span style=\"font-size: 14pt;\"><a href=\"http:\/\/apuroconta.pt\/?page_id=187\">Contabilidade<\/a><\/span><\/li>\n<li><a href=\"http:\/\/apuroconta.pt\/?page_id=196\"><span style=\"font-size: 14pt;\">Fiscalidade<\/span><\/a><\/li>\n<li><a href=\"http:\/\/apuroconta.pt\/?page_id=200\"><span style=\"font-size: 14pt;\">Recursos Humanos<\/span><\/a><\/li>\n<li><a href=\"http:\/\/apuroconta.pt\/?page_id=204\"><span style=\"font-size: 14pt;\">Reporting<\/span><\/a><\/li>\n<li><span style=\"font-size: 14pt;\"><a href=\"http:\/\/apuroconta.pt\/?page_id=207\">Consultoria\u00a0e apoio \u00e0 Gest\u00e3o<\/a><\/span><\/li>\n<li><a href=\"http:\/\/apuroconta.pt\/?page_id=213\"><span style=\"font-size: 14pt;\">Outros servi\u00e7os \/ parcerias<\/span><\/a><\/li>\n<\/ul>\n","protected":false},"excerpt":{"rendered":"<p>Oferecemos os seguintes servi\u00e7os: Contabilidade Fiscalidade Recursos Humanos Reporting Consultoria\u00a0e apoio \u00e0 Gest\u00e3o Outros servi\u00e7os \/ parcerias<\/p>\n","protected":false},"author":1,"featured_media":0,"parent":0,"menu_order":3,"comment_status":"closed","ping_status":"closed","template":"","meta":[],"aioseo_notices":[],"_links":{"self":[{"href":"http:\/\/apuroconta.pt\/index.php?rest_route=\/wp\/v2\/pages\/47"}],"collection":[{"href":"http:\/\/apuroconta.pt\/index.php?rest_route=\/wp\/v2\/pages"}],"about":[{"href":"http:\/\/apuroconta.pt\/index.php?rest_route=\/wp\/v2\/types\/page"}],"author":[{"embeddable":true,"href":"http:\/\/apuroconta.pt\/index.php?rest_route=\/wp\/v2\/users\/1"}],"replies":[{"embeddable":true,"href":"http:\/\/apuroconta.pt\/index.php?rest_route=%2Fwp%2Fv2%2Fcomments&post=47"}],"version-history":[{"count":22,"href":"http:\/\/apuroconta.pt\/index.php?rest_route=\/wp\/v2\/pages\/47\/revisions"}],"predecessor-version":[{"id":333,"href":"http:\/\/apuroconta.pt\/index.php?rest_route=\/wp\/v2\/pages\/47\/revisions\/333"}],"wp:attachment":[{"href":"http:\/\/apuroconta.pt\/index.php?rest_route=%2Fwp%2Fv2%2Fmedia&parent=47"}],"curies":[{"name":"wp","href":"https:\/\/api.w.org\/{rel}","templated":true}]}}