{"id":2,"date":"2016-10-06T23:32:50","date_gmt":"2016-10-06T23:32:50","guid":{"rendered":"http:\/\/apuroconta.pt\/?page_id=2"},"modified":"2019-09-22T01:32:21","modified_gmt":"2019-09-22T01:32:21","slug":"inicio","status":"publish","type":"page","link":"https:\/\/apuroconta.pt\/","title":{"rendered":"Apresenta\u00e7\u00e3o"},"content":{"rendered":"<p><span style=\"font-size: 14pt;\"><img decoding=\"async\" loading=\"lazy\" class=\" wp-image-145 alignright\" src=\"http:\/\/apuroconta.pt\/wp-content\/uploads\/2016\/10\/contabilidade-01-300x200.jpg\" alt=\"contabilidade-01\" width=\"440\" height=\"293\" srcset=\"https:\/\/apuroconta.pt\/wp-content\/uploads\/2016\/10\/contabilidade-01-300x200.jpg 300w, https:\/\/apuroconta.pt\/wp-content\/uploads\/2016\/10\/contabilidade-01-768x512.jpg 768w, https:\/\/apuroconta.pt\/wp-content\/uploads\/2016\/10\/contabilidade-01-1024x683.jpg 1024w, https:\/\/apuroconta.pt\/wp-content\/uploads\/2016\/10\/contabilidade-01.jpg 1687w\" sizes=\"(max-width: 440px) 100vw, 440px\" \/><\/span><\/p>\n<p><span style=\"font-size: 12pt;\">A Apuro Conta \u00e9 uma empresa de Contabilidade e Consultoria com cerca de uma d\u00e9cada de exist\u00eancia. Somos uma equipa composta por profissionais altamente qualificados e com experi\u00eancia ao n\u00edvel da gest\u00e3o de empresas tanto nacionais como multinacionais. Dispomos de instala\u00e7\u00f5es em Alcochete e Carnaxide.<\/span><\/p>\n<p><span style=\"font-size: 12pt;\">Oferecemos solu\u00e7\u00f5es flex\u00edveis e ajustadas \u00e0s suas necessidades, quer a sua empresa esteja a iniciar a atividade, quer esteja num est\u00e1gio mais consolidado. Se a sua empresa estiver num est\u00e1gio inicial de atividade, poderemos oferecer condi\u00e7\u00f5es iniciais mais acess\u00edveis, ajustando-as de forma clara e transparente em fun\u00e7\u00e3o da evolu\u00e7\u00e3o da atividade da sua empresa.<\/span><\/p>\n<p><span style=\"font-size: 14pt;\">\u00a0<\/span><\/p>\n","protected":false},"excerpt":{"rendered":"<p>A Apuro Conta \u00e9 uma empresa de Contabilidade e Consultoria com cerca de uma d\u00e9cada de exist\u00eancia. Somos uma equipa composta por profissionais altamente qualificados e com experi\u00eancia ao n\u00edvel da gest\u00e3o de empresas tanto nacionais como multinacionais. Dispomos de&#8230; <a href=\"https:\/\/apuroconta.pt\/\" class=\"readmore\">Read more<span class=\"screen-reader-text\">Apresenta\u00e7\u00e3o<\/span><span class=\"fa fa-angle-double-right\" aria-hidden=\"true\"><\/span><\/a><\/p>\n","protected":false},"author":1,"featured_media":0,"parent":0,"menu_order":1,"comment_status":"closed","ping_status":"closed","template":"","meta":[],"aioseo_notices":[],"_links":{"self":[{"href":"https:\/\/apuroconta.pt\/index.php?rest_route=\/wp\/v2\/pages\/2"}],"collection":[{"href":"https:\/\/apuroconta.pt\/index.php?rest_route=\/wp\/v2\/pages"}],"about":[{"href":"https:\/\/apuroconta.pt\/index.php?rest_route=\/wp\/v2\/types\/page"}],"author":[{"embeddable":true,"href":"https:\/\/apuroconta.pt\/index.php?rest_route=\/wp\/v2\/users\/1"}],"replies":[{"embeddable":true,"href":"https:\/\/apuroconta.pt\/index.php?rest_route=%2Fwp%2Fv2%2Fcomments&post=2"}],"version-history":[{"count":90,"href":"https:\/\/apuroconta.pt\/index.php?rest_route=\/wp\/v2\/pages\/2\/revisions"}],"predecessor-version":[{"id":331,"href":"https:\/\/apuroconta.pt\/index.php?rest_route=\/wp\/v2\/pages\/2\/revisions\/331"}],"wp:attachment":[{"href":"https:\/\/apuroconta.pt\/index.php?rest_route=%2Fwp%2Fv2%2Fmedia&parent=2"}],"curies":[{"name":"wp","href":"https:\/\/api.w.org\/{rel}","templated":true}]}}